{"id":2353,"date":"2024-11-04T11:58:23","date_gmt":"2024-11-04T11:58:23","guid":{"rendered":"https:\/\/tana.es\/formulario-denuncia\/"},"modified":"2024-11-04T11:58:23","modified_gmt":"2024-11-04T11:58:23","slug":"formulario-denuncia","status":"publish","type":"page","link":"https:\/\/tana.es\/en\/formulario-denuncia\/","title":{"rendered":"Nuevo Expediente"},"content":{"rendered":"<div class=\"container zonAmQ\">\r\n        <div class=\"row justify-content-center\">\r\n            <div class=\"col-md-10 cForDen\">\r\n                <h2 class=\"text-center mb-5\">Generaci\u00f3n de una comunicaci\u00f3n<\/h2>\r\n                \r\n                        <form  method=\"post\" action=\"https:\/\/tana.es\/wp-admin\/admin-post.php\" enctype=\"multipart\/form-data\">\r\n                        \r\n                            <input type=\"hidden\" name=\"action\" value=\"procesar_formulario\">\r\n                            <div class=\"form-group mb-4\">\r\n                                <label for=\"motivo\" class=\"TituloI\">Motivo <span style=\"color: darkred;\">*<\/span><\/label>\r\n                                <select class=\"custom-select\" name=\"motivo\" id=\"motivo\">\r\n                                    <option selected><\/option>\r\n                                    <option value=\"Fraude econ\u00f3mico a la Hacienda P\u00fablica y Seguridad Social\">Fraude econ\u00f3mico a la Hacienda P\u00fablica y Seguridad Social<\/option>\r\n                                    <option value=\"Corrupci\u00f3n\">Corrupci\u00f3n<\/option>\r\n                                    <option value=\"Practicas Comerciales desleales\">Practicas Comerciales desleales<\/option>\r\n                                    <option value=\"Infracciones relacionadas con la seguridad y salud en el trabajo\">Infracciones relacionadas con la seguridad y salud en el trabajo<\/option>\r\n                                    <option value=\"Incumplimiento de legislaci\u00f3n o normativa interna\">Incumplimiento de legislaci\u00f3n o normativa interna<\/option>\r\n                                    <option value=\"Delitos Medioambientales\">Delitos Medioambientales<\/option>\r\n                                    <option value=\"Actuaci\u00f3n poco \u00e9tica en el desempe\u00f1o profesional\">Actuaci\u00f3n poco \u00e9tica en el desempe\u00f1o profesional<\/option>\r\n                                <\/select>\r\n                            <\/div>\r\n\r\n                            <div class=\"form-group mb-4\">\r\n                                <label for=\"descripcion\" class=\"TituloI\">Descripci\u00f3n de los hechos <span style=\"color: darkred;\">*<\/span><\/label>\r\n                                <textarea class=\"form-control\" name=\"descripcion\" id=\"descripcion\" required> <\/textarea>\r\n                            <\/div>\r\n                            <label for=\"archivos\" class=\"TituloI\">Adjuntar Ficheros (solo PDF)<\/label>\r\n                            <div class=\"input-group mb-3\">\r\n                                <input type=\"hidden\" id=\"file_upload_nonce\" name=\"file_upload_nonce\" value=\"06a30b30e9\" \/><input type=\"hidden\" name=\"_wp_http_referer\" value=\"\/en\/wp-json\/wp\/v2\/pages\/2353\" \/>                                <input type=\"file\" class=\"form-control\" id=\"inputGroupFile02\" name=\"archivos[]\" multiple>\r\n                            <\/div>\r\n\r\n                            <div class=\"form-group mb-4\">\r\n                                <label for=\"archivos\" class=\"TituloI\">Tipo de comunicaci\u00f3n <span style=\"color: darkred;\">*<\/span><\/label>\r\n\r\n                                <select class=\"custom-select\" name=\"comunicacion\" id=\"opcion\">\r\n                                    <option selected><\/option>\r\n                                    <option value=\"a\">An\u00f3nima<\/option>\r\n                                    <option value=\"c\">Confidencial<\/option>\r\n                                <\/select>\r\n                            <\/div>\r\n\r\n                            \r\n                            <div class=\"row  mt-4\" id=\"div-oculto\" style=\"display:none;\">\r\n                                <div class=\"col-md-12\">\r\n                                    <h4>Informaci\u00f3n de Contacto<\/h4>\r\n                                    <div class=\"form-row\">\r\n                                        <div class=\"col-md-5\">\r\n                                            <input type=\"text\" class=\"form-control\" name=\"nombre\" placeholder=\"Name\">\r\n                                        <\/div>\r\n                                        <div class=\"col-md-7\">\r\n                                            <input type=\"text\" class=\"form-control\" name=\"apellidos\" placeholder=\"Lastname\">\r\n                                        <\/div>\r\n                                    <\/div>\r\n\r\n                                    <div class=\"form-group mt-4\">\r\n                                        <input type=\"email\" class=\"form-control\" id=\"email\" name=\"correoe\" placeholder=\"Correo electr\u00f3nico\">\r\n                                    <\/div>\r\n                                    <div class=\"form-group mt-4\">\r\n                                        <input type=\"tel\" class=\"form-control\" name=\"telefono\" placeholder=\"N\u00famero de tel\u00e9fono contacto\">\r\n                                    <\/div>\r\n                                <\/div>\r\n                            <\/div>\r\n                            <p><span style=\"color: darkred;\">* Campo obligatorio<\/span> <\/p>\r\n                            <button type=\"submit\" class=\"btn btn-primary\">Generar<\/button>\r\n                        <\/form>\r\n            <\/div>\r\n        <\/div>\r\n    <\/div>\r\n    <div class=\"row mt-10\">\r\n        <div class=\"col-md-12\">\r\n            <p class=\"fs-6\"> <\/p>\r\n        <\/div>\r\n    <\/div>","protected":false},"excerpt":{"rendered":"","protected":false},"author":2,"featured_media":0,"parent":0,"menu_order":0,"comment_status":"closed","ping_status":"closed","template":"","meta":{"footnotes":""},"class_list":["post-2353","page","type-page","status-publish","hentry"],"yoast_head":"<!-- This site is optimized with the Yoast SEO plugin v27.3 - https:\/\/yoast.com\/product\/yoast-seo-wordpress\/ -->\n<title>Nuevo Expediente - TANA<\/title>\n<meta name=\"robots\" content=\"index, follow, max-snippet:-1, max-image-preview:large, max-video-preview:-1\" \/>\n<link rel=\"canonical\" href=\"https:\/\/tana.es\/en\/formulario-denuncia\/\" \/>\n<meta property=\"og:locale\" content=\"en_GB\" \/>\n<meta property=\"og:type\" content=\"article\" \/>\n<meta property=\"og:title\" content=\"Nuevo Expediente - TANA\" \/>\n<meta property=\"og:url\" content=\"https:\/\/tana.es\/en\/formulario-denuncia\/\" \/>\n<meta property=\"og:site_name\" content=\"TANA\" \/>\n<meta name=\"twitter:card\" content=\"summary_large_image\" \/>\n<script type=\"application\/ld+json\" class=\"yoast-schema-graph\">{\"@context\":\"https:\\\/\\\/schema.org\",\"@graph\":[{\"@type\":\"WebPage\",\"@id\":\"https:\\\/\\\/tana.es\\\/formulario-denuncia\\\/\",\"url\":\"https:\\\/\\\/tana.es\\\/formulario-denuncia\\\/\",\"name\":\"Nuevo Expediente - TANA\",\"isPartOf\":{\"@id\":\"https:\\\/\\\/tana.es\\\/#website\"},\"datePublished\":\"2024-11-04T11:58:23+00:00\",\"breadcrumb\":{\"@id\":\"https:\\\/\\\/tana.es\\\/formulario-denuncia\\\/#breadcrumb\"},\"inLanguage\":\"en-GB\",\"potentialAction\":[{\"@type\":\"ReadAction\",\"target\":[\"https:\\\/\\\/tana.es\\\/formulario-denuncia\\\/\"]}]},{\"@type\":\"BreadcrumbList\",\"@id\":\"https:\\\/\\\/tana.es\\\/formulario-denuncia\\\/#breadcrumb\",\"itemListElement\":[{\"@type\":\"ListItem\",\"position\":1,\"name\":\"Portada\",\"item\":\"https:\\\/\\\/tana.es\\\/\"},{\"@type\":\"ListItem\",\"position\":2,\"name\":\"Nuevo Expediente\"}]},{\"@type\":\"WebSite\",\"@id\":\"https:\\\/\\\/tana.es\\\/#website\",\"url\":\"https:\\\/\\\/tana.es\\\/\",\"name\":\"TANA\",\"description\":\"Loving citrus since 1955\",\"publisher\":{\"@id\":\"https:\\\/\\\/tana.es\\\/#organization\"},\"potentialAction\":[{\"@type\":\"SearchAction\",\"target\":{\"@type\":\"EntryPoint\",\"urlTemplate\":\"https:\\\/\\\/tana.es\\\/?s={search_term_string}\"},\"query-input\":{\"@type\":\"PropertyValueSpecification\",\"valueRequired\":true,\"valueName\":\"search_term_string\"}}],\"inLanguage\":\"en-GB\"},{\"@type\":\"Organization\",\"@id\":\"https:\\\/\\\/tana.es\\\/#organization\",\"name\":\"TANA\",\"url\":\"https:\\\/\\\/tana.es\\\/\",\"logo\":{\"@type\":\"ImageObject\",\"inLanguage\":\"en-GB\",\"@id\":\"https:\\\/\\\/tana.es\\\/#\\\/schema\\\/logo\\\/image\\\/\",\"url\":\"https:\\\/\\\/tana.es\\\/wp-content\\\/uploads\\\/2022\\\/12\\\/Logos_Mesa-de-trabajo-1.svg\",\"contentUrl\":\"https:\\\/\\\/tana.es\\\/wp-content\\\/uploads\\\/2022\\\/12\\\/Logos_Mesa-de-trabajo-1.svg\",\"caption\":\"TANA\"},\"image\":{\"@id\":\"https:\\\/\\\/tana.es\\\/#\\\/schema\\\/logo\\\/image\\\/\"}}]}<\/script>\n<!-- \/ Yoast SEO plugin. -->","yoast_head_json":{"title":"Nuevo Expediente - TANA","robots":{"index":"index","follow":"follow","max-snippet":"max-snippet:-1","max-image-preview":"max-image-preview:large","max-video-preview":"max-video-preview:-1"},"canonical":"https:\/\/tana.es\/en\/formulario-denuncia\/","og_locale":"en_GB","og_type":"article","og_title":"Nuevo Expediente - TANA","og_url":"https:\/\/tana.es\/en\/formulario-denuncia\/","og_site_name":"TANA","twitter_card":"summary_large_image","schema":{"@context":"https:\/\/schema.org","@graph":[{"@type":"WebPage","@id":"https:\/\/tana.es\/formulario-denuncia\/","url":"https:\/\/tana.es\/formulario-denuncia\/","name":"Nuevo Expediente - TANA","isPartOf":{"@id":"https:\/\/tana.es\/#website"},"datePublished":"2024-11-04T11:58:23+00:00","breadcrumb":{"@id":"https:\/\/tana.es\/formulario-denuncia\/#breadcrumb"},"inLanguage":"en-GB","potentialAction":[{"@type":"ReadAction","target":["https:\/\/tana.es\/formulario-denuncia\/"]}]},{"@type":"BreadcrumbList","@id":"https:\/\/tana.es\/formulario-denuncia\/#breadcrumb","itemListElement":[{"@type":"ListItem","position":1,"name":"Portada","item":"https:\/\/tana.es\/"},{"@type":"ListItem","position":2,"name":"Nuevo Expediente"}]},{"@type":"WebSite","@id":"https:\/\/tana.es\/#website","url":"https:\/\/tana.es\/","name":"TANA","description":"Loving citrus since 1955","publisher":{"@id":"https:\/\/tana.es\/#organization"},"potentialAction":[{"@type":"SearchAction","target":{"@type":"EntryPoint","urlTemplate":"https:\/\/tana.es\/?s={search_term_string}"},"query-input":{"@type":"PropertyValueSpecification","valueRequired":true,"valueName":"search_term_string"}}],"inLanguage":"en-GB"},{"@type":"Organization","@id":"https:\/\/tana.es\/#organization","name":"TANA","url":"https:\/\/tana.es\/","logo":{"@type":"ImageObject","inLanguage":"en-GB","@id":"https:\/\/tana.es\/#\/schema\/logo\/image\/","url":"https:\/\/tana.es\/wp-content\/uploads\/2022\/12\/Logos_Mesa-de-trabajo-1.svg","contentUrl":"https:\/\/tana.es\/wp-content\/uploads\/2022\/12\/Logos_Mesa-de-trabajo-1.svg","caption":"TANA"},"image":{"@id":"https:\/\/tana.es\/#\/schema\/logo\/image\/"}}]}},"_links":{"self":[{"href":"https:\/\/tana.es\/en\/wp-json\/wp\/v2\/pages\/2353","targetHints":{"allow":["GET"]}}],"collection":[{"href":"https:\/\/tana.es\/en\/wp-json\/wp\/v2\/pages"}],"about":[{"href":"https:\/\/tana.es\/en\/wp-json\/wp\/v2\/types\/page"}],"author":[{"embeddable":true,"href":"https:\/\/tana.es\/en\/wp-json\/wp\/v2\/users\/2"}],"replies":[{"embeddable":true,"href":"https:\/\/tana.es\/en\/wp-json\/wp\/v2\/comments?post=2353"}],"version-history":[{"count":0,"href":"https:\/\/tana.es\/en\/wp-json\/wp\/v2\/pages\/2353\/revisions"}],"wp:attachment":[{"href":"https:\/\/tana.es\/en\/wp-json\/wp\/v2\/media?parent=2353"}],"curies":[{"name":"wp","href":"https:\/\/api.w.org\/{rel}","templated":true}]}}